{"id":2,"date":"2026-02-16T04:11:34","date_gmt":"2026-02-16T04:11:34","guid":{"rendered":"https:\/\/emprenderconalas.cl\/ea\/?page_id=2"},"modified":"2026-04-25T02:30:33","modified_gmt":"2026-04-25T02:30:33","slug":"sample-page","status":"publish","type":"page","link":"https:\/\/emprenderconalas.cl\/ea\/","title":{"rendered":"home"},"content":{"rendered":"\n<div class=\"wp-block-columns is-layout-flex wp-container-core-columns-is-layout-9d6595d7 wp-block-columns-is-layout-flex\">\n<div class=\"wp-block-column is-vertically-aligned-top is-layout-flow wp-block-column-is-layout-flow\" style=\"flex-basis:100%\">\n<div class=\"wp-block-cover\"><img loading=\"lazy\" decoding=\"async\" width=\"1024\" height=\"642\" class=\"wp-block-cover__image-background wp-image-23\" alt=\"\" src=\"https:\/\/emprenderconalas.cl\/ea\/wp-content\/uploads\/2026\/02\/seccion-3-Foto-Apoyo1-eca-programas-comunidad-territorio-1024x642.jpeg\" data-object-fit=\"cover\" srcset=\"https:\/\/emprenderconalas.cl\/ea\/wp-content\/uploads\/2026\/02\/seccion-3-Foto-Apoyo1-eca-programas-comunidad-territorio-1024x642.jpeg 1024w, https:\/\/emprenderconalas.cl\/ea\/wp-content\/uploads\/2026\/02\/seccion-3-Foto-Apoyo1-eca-programas-comunidad-territorio-300x188.jpeg 300w, https:\/\/emprenderconalas.cl\/ea\/wp-content\/uploads\/2026\/02\/seccion-3-Foto-Apoyo1-eca-programas-comunidad-territorio-768x481.jpeg 768w, https:\/\/emprenderconalas.cl\/ea\/wp-content\/uploads\/2026\/02\/seccion-3-Foto-Apoyo1-eca-programas-comunidad-territorio-1536x963.jpeg 1536w, https:\/\/emprenderconalas.cl\/ea\/wp-content\/uploads\/2026\/02\/seccion-3-Foto-Apoyo1-eca-programas-comunidad-territorio.jpeg 1600w\" sizes=\"auto, (max-width: 1024px) 100vw, 1024px\" \/><span aria-hidden=\"true\" class=\"wp-block-cover__background has-background-dim\"><\/span><div class=\"wp-block-cover__inner-container is-layout-flow wp-block-cover-is-layout-flow\">\n<p class=\"has-text-align-center has-large-font-size\"><\/p>\n<\/div><\/div>\n<\/div>\n<\/div>\n\n\n\n<div class=\"wp-block-columns is-layout-flex wp-container-core-columns-is-layout-9d6595d7 wp-block-columns-is-layout-flex\">\n<div class=\"wp-block-column is-layout-flow wp-block-column-is-layout-flow\" style=\"flex-basis:100%\">\n<div class=\"wp-block-group\"><div class=\"wp-block-group__inner-container is-layout-constrained wp-block-group-is-layout-constrained\">\n<div class=\"wp-block-columns is-layout-flex wp-container-core-columns-is-layout-9d6595d7 wp-block-columns-is-layout-flex\">\n<div class=\"wp-block-column is-layout-flow wp-block-column-is-layout-flow\" style=\"flex-basis:100%\">\n<p>:<\/p>\n\n\n\n<div class=\"wp-block-columns is-layout-flex wp-container-core-columns-is-layout-9d6595d7 wp-block-columns-is-layout-flex\">\n<div class=\"wp-block-column is-layout-flow wp-block-column-is-layout-flow\">\n<div class=\"wp-block-columns is-layout-flex wp-container-core-columns-is-layout-9d6595d7 wp-block-columns-is-layout-flex\">\n<div class=\"wp-block-column is-layout-flow wp-block-column-is-layout-flow\">\n<p>Trabajamos desde la experiencia directa con ni\u00f1os, ni\u00f1as y familias para transformar la protecci\u00f3n de la ni\u00f1ez en Chile<\/p>\n<\/div>\n\n\n\n<div class=\"wp-block-column is-layout-flow wp-block-column-is-layout-flow\"><\/div>\n<\/div>\n\n\n\n<p><\/p>\n<\/div>\n\n\n\n<div class=\"wp-block-column is-layout-flow wp-block-column-is-layout-flow\">\n<p>&#8211; Acomp\u00e1\u00f1ame<br>&#8211; Mediaci\u00f3n Educativa<br>&#8211; Incidencia y Proyectos<br><br><\/p>\n<\/div>\n\n\n\n<div class=\"wp-block-column is-layout-flow wp-block-column-is-layout-flow\">\n<p>El Centro de Estudios y Documentaci\u00f3n Emprender con Alas \u2013 EA3000 transforma experiencia en conocimiento \u00fatil para mejorar pol\u00edticas p\u00fablicas.<\/p>\n<\/div>\n<\/div>\n<\/div>\n<\/div>\n<\/div><\/div>\n<\/div>\n<\/div>\n\n\n\n<blockquote class=\"wp-block-quote is-layout-flow wp-block-quote-is-layout-flow\">\n<p>Hi there! I&#8217;m a bike messenger by day, aspiring actor by night, and this is my website. I live in Los Angeles, have a great dog named Jack, and I like pi\u00f1a coladas. (And gettin&#8217; caught in the rain.)<\/p>\n<\/blockquote>\n\n\n\n<p>&#8230;or something like this:<\/p>\n\n\n\n<blockquote class=\"wp-block-quote is-layout-flow wp-block-quote-is-layout-flow\">\n<p>The XYZ Doohickey Company was founded in 1971, and has been providing quality doohickeys to the public ever since. Located in Gotham City, XYZ employs over 2,000 people and does all kinds of awesome things for the Gotham community.<\/p>\n<\/blockquote>\n\n\n\n<p>As a new WordPress user, you should go to <a href=\"https:\/\/emprenderconalas.cl\/ea\/wp-admin\/\">your dashboard<\/a> to delete this page and create new pages for your content. Have fun!<\/p>\n\n\n","protected":false},"excerpt":{"rendered":"<p>: Trabajamos desde la experiencia directa con ni\u00f1os, ni\u00f1as y familias para transformar la protecci\u00f3n de la ni\u00f1ez en Chile &#8211; Acomp\u00e1\u00f1ame&#8211; Mediaci\u00f3n Educativa&#8211; Incidencia y Proyectos El Centro de Estudios y Documentaci\u00f3n Emprender con Alas \u2013 EA3000 transforma experiencia en conocimiento \u00fatil para mejorar pol\u00edticas p\u00fablicas. Hi there! I&#8217;m a bike messenger by day,&#8230;<\/p>\n","protected":false},"author":1,"featured_media":0,"parent":0,"menu_order":0,"comment_status":"closed","ping_status":"closed","template":"","meta":{"_kad_post_transparent":"","_kad_post_title":"default","_kad_post_layout":"normal","_kad_post_sidebar_id":"","_kad_post_content_style":"boxed","_kad_post_vertical_padding":"","_kad_post_feature":"","_kad_post_feature_position":"","_kad_post_header":false,"_kad_post_footer":false,"_kad_post_classname":"","footnotes":""},"class_list":["post-2","page","type-page","status-publish","hentry"],"yoast_head":"<!-- This site is optimized with the Yoast SEO plugin v27.5 - https:\/\/yoast.com\/product\/yoast-seo-wordpress\/ -->\n<title>home - Emprender con Alas<\/title>\n<meta name=\"robots\" content=\"index, follow, max-snippet:-1, max-image-preview:large, max-video-preview:-1\" \/>\n<link rel=\"canonical\" href=\"https:\/\/emprenderconalas.cl\/ea\/\" \/>\n<meta property=\"og:locale\" content=\"es_ES\" \/>\n<meta property=\"og:type\" content=\"article\" \/>\n<meta property=\"og:title\" content=\"home - Emprender con Alas\" \/>\n<meta property=\"og:description\" content=\": Trabajamos desde la experiencia directa con ni\u00f1os, ni\u00f1as y familias para transformar la protecci\u00f3n de la ni\u00f1ez en Chile &#8211; Acomp\u00e1\u00f1ame&#8211; Mediaci\u00f3n Educativa&#8211; Incidencia y Proyectos El Centro de Estudios y Documentaci\u00f3n Emprender con Alas \u2013 EA3000 transforma experiencia en conocimiento \u00fatil para mejorar pol\u00edticas p\u00fablicas. Hi there! I&#8217;m a bike messenger by day,...\" \/>\n<meta property=\"og:url\" content=\"https:\/\/emprenderconalas.cl\/ea\/\" \/>\n<meta property=\"og:site_name\" content=\"Emprender con Alas\" \/>\n<meta property=\"article:modified_time\" content=\"2026-04-25T02:30:33+00:00\" \/>\n<meta property=\"og:image\" content=\"https:\/\/emprenderconalas.cl\/ea\/wp-content\/uploads\/2026\/02\/seccion-3-Foto-Apoyo1-eca-programas-comunidad-territorio.jpeg\" \/>\n\t<meta property=\"og:image:width\" content=\"1600\" \/>\n\t<meta property=\"og:image:height\" content=\"1003\" \/>\n\t<meta property=\"og:image:type\" content=\"image\/jpeg\" \/>\n<meta name=\"twitter:card\" content=\"summary_large_image\" \/>\n<meta name=\"twitter:label1\" content=\"Tiempo de lectura\" \/>\n\t<meta name=\"twitter:data1\" content=\"1 minuto\" \/>\n<script type=\"application\/ld+json\" class=\"yoast-schema-graph\">{\"@context\":\"https:\\\/\\\/schema.org\",\"@graph\":[{\"@type\":\"WebPage\",\"@id\":\"https:\\\/\\\/emprenderconalas.cl\\\/ea\\\/\",\"url\":\"https:\\\/\\\/emprenderconalas.cl\\\/ea\\\/\",\"name\":\"home - Emprender con Alas\",\"isPartOf\":{\"@id\":\"https:\\\/\\\/emprenderconalas.cl\\\/ea\\\/#website\"},\"primaryImageOfPage\":{\"@id\":\"https:\\\/\\\/emprenderconalas.cl\\\/ea\\\/#primaryimage\"},\"image\":{\"@id\":\"https:\\\/\\\/emprenderconalas.cl\\\/ea\\\/#primaryimage\"},\"thumbnailUrl\":\"https:\\\/\\\/emprenderconalas.cl\\\/ea\\\/wp-content\\\/uploads\\\/2026\\\/02\\\/seccion-3-Foto-Apoyo1-eca-programas-comunidad-territorio-1024x642.jpeg\",\"datePublished\":\"2026-02-16T04:11:34+00:00\",\"dateModified\":\"2026-04-25T02:30:33+00:00\",\"breadcrumb\":{\"@id\":\"https:\\\/\\\/emprenderconalas.cl\\\/ea\\\/#breadcrumb\"},\"inLanguage\":\"es\",\"potentialAction\":[{\"@type\":\"ReadAction\",\"target\":[\"https:\\\/\\\/emprenderconalas.cl\\\/ea\\\/\"]}]},{\"@type\":\"ImageObject\",\"inLanguage\":\"es\",\"@id\":\"https:\\\/\\\/emprenderconalas.cl\\\/ea\\\/#primaryimage\",\"url\":\"https:\\\/\\\/emprenderconalas.cl\\\/ea\\\/wp-content\\\/uploads\\\/2026\\\/02\\\/seccion-3-Foto-Apoyo1-eca-programas-comunidad-territorio.jpeg\",\"contentUrl\":\"https:\\\/\\\/emprenderconalas.cl\\\/ea\\\/wp-content\\\/uploads\\\/2026\\\/02\\\/seccion-3-Foto-Apoyo1-eca-programas-comunidad-territorio.jpeg\",\"width\":1600,\"height\":1003},{\"@type\":\"BreadcrumbList\",\"@id\":\"https:\\\/\\\/emprenderconalas.cl\\\/ea\\\/#breadcrumb\",\"itemListElement\":[{\"@type\":\"ListItem\",\"position\":1,\"name\":\"Portada\",\"item\":\"https:\\\/\\\/emprenderconalas.cl\\\/ea\\\/\"},{\"@type\":\"ListItem\",\"position\":2,\"name\":\"home\"}]},{\"@type\":\"WebSite\",\"@id\":\"https:\\\/\\\/emprenderconalas.cl\\\/ea\\\/#website\",\"url\":\"https:\\\/\\\/emprenderconalas.cl\\\/ea\\\/\",\"name\":\"Emprenderconalas\",\"description\":\"\",\"publisher\":{\"@id\":\"https:\\\/\\\/emprenderconalas.cl\\\/ea\\\/#organization\"},\"potentialAction\":[{\"@type\":\"SearchAction\",\"target\":{\"@type\":\"EntryPoint\",\"urlTemplate\":\"https:\\\/\\\/emprenderconalas.cl\\\/ea\\\/?s={search_term_string}\"},\"query-input\":{\"@type\":\"PropertyValueSpecification\",\"valueRequired\":true,\"valueName\":\"search_term_string\"}}],\"inLanguage\":\"es\"},{\"@type\":\"Organization\",\"@id\":\"https:\\\/\\\/emprenderconalas.cl\\\/ea\\\/#organization\",\"name\":\"Emprender con Alas\",\"url\":\"https:\\\/\\\/emprenderconalas.cl\\\/ea\\\/\",\"logo\":{\"@type\":\"ImageObject\",\"inLanguage\":\"es\",\"@id\":\"https:\\\/\\\/emprenderconalas.cl\\\/ea\\\/#\\\/schema\\\/logo\\\/image\\\/\",\"url\":\"https:\\\/\\\/emprenderconalas.cl\\\/ea\\\/wp-content\\\/uploads\\\/2026\\\/02\\\/icono.png\",\"contentUrl\":\"https:\\\/\\\/emprenderconalas.cl\\\/ea\\\/wp-content\\\/uploads\\\/2026\\\/02\\\/icono.png\",\"width\":120,\"height\":115,\"caption\":\"Emprender con Alas\"},\"image\":{\"@id\":\"https:\\\/\\\/emprenderconalas.cl\\\/ea\\\/#\\\/schema\\\/logo\\\/image\\\/\"}}]}<\/script>\n<!-- \/ Yoast SEO plugin. -->","yoast_head_json":{"title":"home - Emprender con Alas","robots":{"index":"index","follow":"follow","max-snippet":"max-snippet:-1","max-image-preview":"max-image-preview:large","max-video-preview":"max-video-preview:-1"},"canonical":"https:\/\/emprenderconalas.cl\/ea\/","og_locale":"es_ES","og_type":"article","og_title":"home - Emprender con Alas","og_description":": Trabajamos desde la experiencia directa con ni\u00f1os, ni\u00f1as y familias para transformar la protecci\u00f3n de la ni\u00f1ez en Chile &#8211; Acomp\u00e1\u00f1ame&#8211; Mediaci\u00f3n Educativa&#8211; Incidencia y Proyectos El Centro de Estudios y Documentaci\u00f3n Emprender con Alas \u2013 EA3000 transforma experiencia en conocimiento \u00fatil para mejorar pol\u00edticas p\u00fablicas. Hi there! I&#8217;m a bike messenger by day,...","og_url":"https:\/\/emprenderconalas.cl\/ea\/","og_site_name":"Emprender con Alas","article_modified_time":"2026-04-25T02:30:33+00:00","og_image":[{"width":1600,"height":1003,"url":"https:\/\/emprenderconalas.cl\/ea\/wp-content\/uploads\/2026\/02\/seccion-3-Foto-Apoyo1-eca-programas-comunidad-territorio.jpeg","type":"image\/jpeg"}],"twitter_card":"summary_large_image","twitter_misc":{"Tiempo de lectura":"1 minuto"},"schema":{"@context":"https:\/\/schema.org","@graph":[{"@type":"WebPage","@id":"https:\/\/emprenderconalas.cl\/ea\/","url":"https:\/\/emprenderconalas.cl\/ea\/","name":"home - Emprender con Alas","isPartOf":{"@id":"https:\/\/emprenderconalas.cl\/ea\/#website"},"primaryImageOfPage":{"@id":"https:\/\/emprenderconalas.cl\/ea\/#primaryimage"},"image":{"@id":"https:\/\/emprenderconalas.cl\/ea\/#primaryimage"},"thumbnailUrl":"https:\/\/emprenderconalas.cl\/ea\/wp-content\/uploads\/2026\/02\/seccion-3-Foto-Apoyo1-eca-programas-comunidad-territorio-1024x642.jpeg","datePublished":"2026-02-16T04:11:34+00:00","dateModified":"2026-04-25T02:30:33+00:00","breadcrumb":{"@id":"https:\/\/emprenderconalas.cl\/ea\/#breadcrumb"},"inLanguage":"es","potentialAction":[{"@type":"ReadAction","target":["https:\/\/emprenderconalas.cl\/ea\/"]}]},{"@type":"ImageObject","inLanguage":"es","@id":"https:\/\/emprenderconalas.cl\/ea\/#primaryimage","url":"https:\/\/emprenderconalas.cl\/ea\/wp-content\/uploads\/2026\/02\/seccion-3-Foto-Apoyo1-eca-programas-comunidad-territorio.jpeg","contentUrl":"https:\/\/emprenderconalas.cl\/ea\/wp-content\/uploads\/2026\/02\/seccion-3-Foto-Apoyo1-eca-programas-comunidad-territorio.jpeg","width":1600,"height":1003},{"@type":"BreadcrumbList","@id":"https:\/\/emprenderconalas.cl\/ea\/#breadcrumb","itemListElement":[{"@type":"ListItem","position":1,"name":"Portada","item":"https:\/\/emprenderconalas.cl\/ea\/"},{"@type":"ListItem","position":2,"name":"home"}]},{"@type":"WebSite","@id":"https:\/\/emprenderconalas.cl\/ea\/#website","url":"https:\/\/emprenderconalas.cl\/ea\/","name":"Emprenderconalas","description":"","publisher":{"@id":"https:\/\/emprenderconalas.cl\/ea\/#organization"},"potentialAction":[{"@type":"SearchAction","target":{"@type":"EntryPoint","urlTemplate":"https:\/\/emprenderconalas.cl\/ea\/?s={search_term_string}"},"query-input":{"@type":"PropertyValueSpecification","valueRequired":true,"valueName":"search_term_string"}}],"inLanguage":"es"},{"@type":"Organization","@id":"https:\/\/emprenderconalas.cl\/ea\/#organization","name":"Emprender con Alas","url":"https:\/\/emprenderconalas.cl\/ea\/","logo":{"@type":"ImageObject","inLanguage":"es","@id":"https:\/\/emprenderconalas.cl\/ea\/#\/schema\/logo\/image\/","url":"https:\/\/emprenderconalas.cl\/ea\/wp-content\/uploads\/2026\/02\/icono.png","contentUrl":"https:\/\/emprenderconalas.cl\/ea\/wp-content\/uploads\/2026\/02\/icono.png","width":120,"height":115,"caption":"Emprender con Alas"},"image":{"@id":"https:\/\/emprenderconalas.cl\/ea\/#\/schema\/logo\/image\/"}}]}},"_links":{"self":[{"href":"https:\/\/emprenderconalas.cl\/ea\/index.php\/wp-json\/wp\/v2\/pages\/2","targetHints":{"allow":["GET"]}}],"collection":[{"href":"https:\/\/emprenderconalas.cl\/ea\/index.php\/wp-json\/wp\/v2\/pages"}],"about":[{"href":"https:\/\/emprenderconalas.cl\/ea\/index.php\/wp-json\/wp\/v2\/types\/page"}],"author":[{"embeddable":true,"href":"https:\/\/emprenderconalas.cl\/ea\/index.php\/wp-json\/wp\/v2\/users\/1"}],"replies":[{"embeddable":true,"href":"https:\/\/emprenderconalas.cl\/ea\/index.php\/wp-json\/wp\/v2\/comments?post=2"}],"version-history":[{"count":10,"href":"https:\/\/emprenderconalas.cl\/ea\/index.php\/wp-json\/wp\/v2\/pages\/2\/revisions"}],"predecessor-version":[{"id":30,"href":"https:\/\/emprenderconalas.cl\/ea\/index.php\/wp-json\/wp\/v2\/pages\/2\/revisions\/30"}],"wp:attachment":[{"href":"https:\/\/emprenderconalas.cl\/ea\/index.php\/wp-json\/wp\/v2\/media?parent=2"}],"curies":[{"name":"wp","href":"https:\/\/api.w.org\/{rel}","templated":true}]}}